{"id":31,"date":"2023-05-08T23:14:41","date_gmt":"2023-05-08T23:14:41","guid":{"rendered":"https:\/\/kekuii.com\/?page_id=31"},"modified":"2023-05-08T23:28:29","modified_gmt":"2023-05-08T23:28:29","slug":"31-2","status":"publish","type":"page","link":"https:\/\/kekuii.com\/","title":{"rendered":""},"content":{"rendered":"\n<ul class=\"wp-block-createwithrani-superlist-block ul horizontal\" style=\"grid-template-columns:repeat(auto-fill, minmax(undefined, 1fr))\">\n<li class=\"wp-block-createwithrani-superlist-item\">\n<p><strong>QA \u2013 Staff Augmentation<\/strong><\/p>\n\n\n\n<p>Sume a su equipo de tecnolog\u00eda, personal certificado en Quality Assurance, nuestro staff de QA se integrar\u00e1 a su proyecto o departamento, ahorrando costos sin sacrificar calidad y sin riesgos laborales.<br>Contrate colaboradores en QA la experiencia que su proyecto necesita los cuales se pueden sumar a cualquier etapa de su proyecto.<\/p>\n<\/li>\n\n\n\n<li class=\"wp-block-createwithrani-superlist-item\">\n<p><strong>Reclutamiento y Selecci\u00f3n<\/strong><\/p>\n\n\n\n<p>Reclutamos de manera activa, aprovechando variadas herramientas, una amplia red de contactos y una s\u00f3lida estructura de reclutadoras Seniors y Semi Seniors.<\/p>\n\n\n\n<p>Brindamos un proceso de valor al candidato, velando que el mismo obtenga feedback en todo momento.<\/p>\n<\/li>\n\n\n\n<li class=\"wp-block-createwithrani-superlist-item\">\n<p><strong>Asesor\u00eda en RRHH y Legal-Laboral<\/strong><\/p>\n\n\n\n<p>Asesoramos en todos los \u00e1mbitos de Recursos humanos y contrataciones, as\u00ed como tambi\u00e9n en todos los aspectos legales asociados a temas laborales.<\/p>\n<\/li>\n<\/ul>\n","protected":false},"excerpt":{"rendered":"","protected":false},"author":1,"featured_media":0,"parent":0,"menu_order":0,"comment_status":"closed","ping_status":"closed","template":"","meta":[],"_links":{"self":[{"href":"https:\/\/kekuii.com\/index.php\/wp-json\/wp\/v2\/pages\/31"}],"collection":[{"href":"https:\/\/kekuii.com\/index.php\/wp-json\/wp\/v2\/pages"}],"about":[{"href":"https:\/\/kekuii.com\/index.php\/wp-json\/wp\/v2\/types\/page"}],"author":[{"embeddable":true,"href":"https:\/\/kekuii.com\/index.php\/wp-json\/wp\/v2\/users\/1"}],"replies":[{"embeddable":true,"href":"https:\/\/kekuii.com\/index.php\/wp-json\/wp\/v2\/comments?post=31"}],"version-history":[{"count":4,"href":"https:\/\/kekuii.com\/index.php\/wp-json\/wp\/v2\/pages\/31\/revisions"}],"predecessor-version":[{"id":44,"href":"https:\/\/kekuii.com\/index.php\/wp-json\/wp\/v2\/pages\/31\/revisions\/44"}],"wp:attachment":[{"href":"https:\/\/kekuii.com\/index.php\/wp-json\/wp\/v2\/media?parent=31"}],"curies":[{"name":"wp","href":"https:\/\/api.w.org\/{rel}","templated":true}]}}